{"id":9,"date":"2024-08-29T17:16:32","date_gmt":"2024-08-29T17:16:32","guid":{"rendered":"https:\/\/biurka-powrotdoszkoly.pl\/?page_id=9"},"modified":"2024-08-29T17:20:24","modified_gmt":"2024-08-29T17:20:24","slug":"powrot-do-szkoly","status":"publish","type":"page","link":"https:\/\/biurka-powrotdoszkoly.pl\/","title":{"rendered":"Powr\u00f3t do szko\u0142y &#8211; jak stworzy\u0107 idealn\u0105 przestrze\u0144 do nauki na nowy rok szkolny"},"content":{"rendered":"\n<p>Powr\u00f3t do szko\u0142y &#8211; gdy z\u0142ote barwy lata ust\u0119puj\u0105 miejsca jesiennym odcieniom, emocje zwi\u0105zane z powrotem do szko\u0142y elektryzuj\u0105 powietrze. To czas, gdy wielu z nas odradza swoje pasje do nauki i kreatywno\u015bci. Zanim jednak zanurzymy si\u0119 w g\u0142\u0105b podr\u0119cznik\u00f3w i technologii, warto po\u015bwi\u0119ci\u0107 chwil\u0119 na przemy\u015blenie idealnej przestrzeni do nauki. W tym roku, delikatne powiewy zmian zapowiadaj\u0105 wyj\u0105tkow\u0105 wyprzeda\u017c, kt\u00f3ra mo\u017ce ca\u0142kowicie przekszta\u0142ci\u0107 funkcjonalno\u015b\u0107 i form\u0119 twojego miejsca pracy. To idealny moment, by pozby\u0107 si\u0119 starych rzeczy i od\u015bwie\u017cy\u0107 przestrze\u0144 nowymi, zr\u00f3wnowa\u017conymi rozwi\u0105zaniami.<\/p>\n\n\n\n<h2 class=\"wp-block-heading\"><strong>Redefinicja twojego kr\u00f3lestwa ka\u017cdym dost\u0119pnym przedmiotem \u2014 edycja na powr\u00f3t do szko\u0142y<\/strong><\/h2>\n\n\n\n<p>Czy zastanawia\u0142e\u015b si\u0119 kiedy\u015b, jak otoczenie mo\u017ce odzwierciedla\u0107 twoje ambicje akademickie lub kreowa\u0107 twoj\u0105 kreatywno\u015b\u0107? Przygotuj si\u0119! Dzi\u0119ki ogromnej wyprzeda\u017cy na <a href=\"https:\/\/oakywood.shop\/pl-pl\/collections\/back-to-school\"><strong>powr\u00f3t do szko\u0142y<\/strong><\/a> ka\u017cdy zak\u0105tek twojej przestrzeni do nauki lub domowego biura jest gotowy na czaruj\u0105c\u0105 metamorfoz\u0119. Wyobra\u017a sobie: eleganckie, zr\u00f3wnowa\u017cone gad\u017cety i akcesoria z 20% zni\u017ck\u0105, kt\u00f3re kusz\u0105 ci\u0119, by przedefiniowa\u0107 stylowe uczenie si\u0119. Kto m\u00f3g\u0142by oprze\u0107 si\u0119 takiej ofercie?<\/p>\n\n\n\n<h2 class=\"wp-block-heading\"><strong>Zieleni dotyk, stylu szczypta \u2014 zr\u00f3wnowa\u017cony powr\u00f3t do szko\u0142y<\/strong><\/h2>\n\n\n\n<p>W sercu twojego domu, gdzie rodz\u0105 si\u0119 pomys\u0142y i kszta\u0142tuj\u0105 marzenia, dlaczego by nie zasadzi\u0107 ziarna zr\u00f3wnowa\u017conego rozwoju? Zaanga\u017cowanie Oakywood w ekologiczne i stylowe projekty oferuje co\u015b wi\u0119cej ni\u017c tylko estetyczn\u0105 przyjemno\u015b\u0107. Ka\u017cdy element jest \u015bwiadectwem harmonii mi\u0119dzy natur\u0105 a technologi\u0105. Od eleganckich drewnianych stojak\u00f3w na s\u0142uchawki po minimalistyczne organizery na biurko, Oakywood przekszta\u0142ca codzienno\u015b\u0107 w magi\u0119, jeden zr\u00f3wnowa\u017cony produkt na raz. Czy\u017c to nie brzmi jak powiew \u015bwie\u017cego powietrza?<\/p>\n\n\n\n<h2 class=\"wp-block-heading\"><strong>Funkcjonalno\u015b\u0107 spotyka fantazj\u0119 \u2014 niezb\u0119dne elementy na powr\u00f3t do szko\u0142y<\/strong><\/h2>\n\n\n\n<p>Dlaczego zadowoli\u0107 si\u0119 zwyczajno\u015bci\u0105, kiedy mo\u017cesz mie\u0107 co\u015b nadzwyczajnego? Nie chodzi tylko o to, by twoje biurko wygl\u0105da\u0142o dobrze \u2014 chodzi o podniesienie ca\u0142ego do\u015bwiadczenia edukacyjnego. Wyobra\u017a sobie biurko, na kt\u00f3rym ka\u017cdy gad\u017cet ma swoje miejsce, zaprojektowane nie tylko dla przyjemno\u015bci oka, ale tak\u017ce dla zwi\u0119kszenia funkcjonalno\u015bci. Organizery kabli, stojaki na monitory i ergonomiczne krzes\u0142a tworz\u0105 wsp\u00f3lnie ostateczn\u0105 pot\u0119g\u0119 produktywno\u015bci. A maj\u0105c wszystko w zasi\u0119gu r\u0119ki, staniesz si\u0119 panem swojego kr\u00f3lestwa nauki.<\/p>\n\n\n\n<h2 class=\"wp-block-heading\"><strong>Powr\u00f3t do szko\u0142y, powr\u00f3t do fajno\u015bci \u2014 najlepsza konfiguracja<\/strong><\/h2>\n\n\n\n<p>W miar\u0119 zmiany pory roku zmienia si\u0119 r\u00f3wnie\u017c nasze skupienie. Wyprzeda\u017c na powr\u00f3t do szko\u0142y to nie tylko okazja; to brama do \u015bwiata innowacji i inspiracji. Z ka\u017cdym wybranym produktem nie tylko przygotowujesz si\u0119 na kolejny rok szkolny \u2014 przygotowujesz scen\u0119 dla przysz\u0142ych sukces\u00f3w. Czy nie nadszed\u0142 czas, by po\u015bwi\u0119ci\u0107 twojej przestrzeni do nauki uwag\u0119, na kt\u00f3r\u0105 zas\u0142uguje?<\/p>\n\n\n\n<h2 class=\"wp-block-heading\"><strong>Tw\u00f3rz, dostosowuj i zdobywaj \u2014 twoja przestrze\u0144 do nauki na powr\u00f3t do szko\u0142y<\/strong><\/h2>\n\n\n\n<p>W tym roku szkolnym, dlaczego by nie przej\u0105\u0107 kontroli nad swoj\u0105 kreatywn\u0105 podr\u00f3\u017c\u0105? Dostosuj sw\u00f3j k\u0105t do gad\u017cet\u00f3w, kt\u00f3re rezonuj\u0105 z twoim unikalnym stylem i nawykami nauki. Niezale\u017cnie od tego, czy jeste\u015b entuzjast\u0105 technologii, kt\u00f3ry chce usprawni\u0107 swoje \u017cycie cyfrowe, czy pocz\u0105tkuj\u0105cym artyst\u0105 szukaj\u0105cym przestrzeni wolnej od ba\u0142aganu, Oakywood dostarcza narz\u0119dzia, kt\u00f3re przekszta\u0142c\u0105 twoj\u0105 wizj\u0119 w rzeczywisto\u015b\u0107. Gotowy na zmiany?<\/p>\n","protected":false},"excerpt":{"rendered":"<p>Powr\u00f3t do szko\u0142y &#8211; gdy z\u0142ote barwy lata ust\u0119puj\u0105 miejsca jesiennym odcieniom, emocje zwi\u0105zane z powrotem do szko\u0142y elektryzuj\u0105 powietrze. To czas, gdy wielu z nas odradza swoje pasje do nauki i kreatywno\u015bci. Zanim jednak zanurzymy si\u0119 w g\u0142\u0105b podr\u0119cznik\u00f3w i technologii, warto po\u015bwi\u0119ci\u0107 chwil\u0119 na przemy\u015blenie idealnej przestrzeni do nauki. W tym roku, delikatne &hellip; <\/p>\n<p class=\"link-more\"><a href=\"https:\/\/biurka-powrotdoszkoly.pl\/\" class=\"more-link\">Czytaj dalej<span class=\"screen-reader-text\"> \u201ePowr\u00f3t do szko\u0142y &#8211; jak stworzy\u0107 idealn\u0105 przestrze\u0144 do nauki na nowy rok szkolny\u201d<\/span><\/a><\/p>\n","protected":false},"author":1,"featured_media":0,"parent":0,"menu_order":0,"comment_status":"closed","ping_status":"closed","template":"","meta":{"footnotes":""},"class_list":["post-9","page","type-page","status-publish","hentry"],"yoast_head":"<!-- This site is optimized with the Yoast SEO plugin v25.6 - https:\/\/yoast.com\/wordpress\/plugins\/seo\/ -->\n<title>Powr\u00f3t do szko\u0142y - jak stworzy\u0107 idealn\u0105 przestrze\u0144 do nauki - biurka-powrotdoszkoly.pl<\/title>\n<meta name=\"description\" content=\"Dzi\u0119ki ogromnej wyprzeda\u017cy na powr\u00f3t do szko\u0142y ka\u017cdy zak\u0105tek twojej przestrzeni do nauki lub domowego biura jest gotowy na metamorfoz\u0119!\" \/>\n<meta name=\"robots\" content=\"index, follow, max-snippet:-1, max-image-preview:large, max-video-preview:-1\" \/>\n<link rel=\"canonical\" href=\"http:\/\/biurka-powrotdoszkoly.pl\/\" \/>\n<meta property=\"og:locale\" content=\"pl_PL\" \/>\n<meta property=\"og:type\" content=\"article\" \/>\n<meta property=\"og:title\" content=\"Powr\u00f3t do szko\u0142y - jak stworzy\u0107 idealn\u0105 przestrze\u0144 do nauki - biurka-powrotdoszkoly.pl\" \/>\n<meta property=\"og:description\" content=\"Dzi\u0119ki ogromnej wyprzeda\u017cy na powr\u00f3t do szko\u0142y ka\u017cdy zak\u0105tek twojej przestrzeni do nauki lub domowego biura jest gotowy na metamorfoz\u0119!\" \/>\n<meta property=\"og:url\" content=\"http:\/\/biurka-powrotdoszkoly.pl\/\" \/>\n<meta property=\"og:site_name\" content=\"biurka-powrotdoszkoly.pl\" \/>\n<meta property=\"article:modified_time\" content=\"2024-08-29T17:20:24+00:00\" \/>\n<meta name=\"twitter:card\" content=\"summary_large_image\" \/>\n<meta name=\"twitter:label1\" content=\"Szacowany czas czytania\" \/>\n\t<meta name=\"twitter:data1\" content=\"3 minuty\" \/>\n<script type=\"application\/ld+json\" class=\"yoast-schema-graph\">{\"@context\":\"https:\/\/schema.org\",\"@graph\":[{\"@type\":\"WebPage\",\"@id\":\"http:\/\/biurka-powrotdoszkoly.pl\/\",\"url\":\"http:\/\/biurka-powrotdoszkoly.pl\/\",\"name\":\"Powr\u00f3t do szko\u0142y - jak stworzy\u0107 idealn\u0105 przestrze\u0144 do nauki - biurka-powrotdoszkoly.pl\",\"isPartOf\":{\"@id\":\"http:\/\/biurka-powrotdoszkoly.pl\/#website\"},\"datePublished\":\"2024-08-29T17:16:32+00:00\",\"dateModified\":\"2024-08-29T17:20:24+00:00\",\"description\":\"Dzi\u0119ki ogromnej wyprzeda\u017cy na powr\u00f3t do szko\u0142y ka\u017cdy zak\u0105tek twojej przestrzeni do nauki lub domowego biura jest gotowy na metamorfoz\u0119!\",\"breadcrumb\":{\"@id\":\"http:\/\/biurka-powrotdoszkoly.pl\/#breadcrumb\"},\"inLanguage\":\"pl-PL\",\"potentialAction\":[{\"@type\":\"ReadAction\",\"target\":[\"http:\/\/biurka-powrotdoszkoly.pl\/\"]}]},{\"@type\":\"BreadcrumbList\",\"@id\":\"http:\/\/biurka-powrotdoszkoly.pl\/#breadcrumb\",\"itemListElement\":[{\"@type\":\"ListItem\",\"position\":1,\"name\":\"Strona g\u0142\u00f3wna\",\"item\":\"http:\/\/biurka-powrotdoszkoly.pl\/\"},{\"@type\":\"ListItem\",\"position\":2,\"name\":\"Powr\u00f3t do szko\u0142y &#8211; jak stworzy\u0107 idealn\u0105 przestrze\u0144 do nauki na nowy rok szkolny\"}]},{\"@type\":\"WebSite\",\"@id\":\"http:\/\/biurka-powrotdoszkoly.pl\/#website\",\"url\":\"http:\/\/biurka-powrotdoszkoly.pl\/\",\"name\":\"biurka-powrotdoszkoly.pl\",\"description\":\"Powr&oacute;t do szko\u0142y - jak stworzy\u0107 idealn\u0105 przestrze\u0144 do nauki na nowy rok szkolny\",\"potentialAction\":[{\"@type\":\"SearchAction\",\"target\":{\"@type\":\"EntryPoint\",\"urlTemplate\":\"http:\/\/biurka-powrotdoszkoly.pl\/?s={search_term_string}\"},\"query-input\":{\"@type\":\"PropertyValueSpecification\",\"valueRequired\":true,\"valueName\":\"search_term_string\"}}],\"inLanguage\":\"pl-PL\"}]}<\/script>\n<!-- \/ Yoast SEO plugin. -->","yoast_head_json":{"title":"Powr\u00f3t do szko\u0142y - jak stworzy\u0107 idealn\u0105 przestrze\u0144 do nauki - biurka-powrotdoszkoly.pl","description":"Dzi\u0119ki ogromnej wyprzeda\u017cy na powr\u00f3t do szko\u0142y ka\u017cdy zak\u0105tek twojej przestrzeni do nauki lub domowego biura jest gotowy na metamorfoz\u0119!","robots":{"index":"index","follow":"follow","max-snippet":"max-snippet:-1","max-image-preview":"max-image-preview:large","max-video-preview":"max-video-preview:-1"},"canonical":"http:\/\/biurka-powrotdoszkoly.pl\/","og_locale":"pl_PL","og_type":"article","og_title":"Powr\u00f3t do szko\u0142y - jak stworzy\u0107 idealn\u0105 przestrze\u0144 do nauki - biurka-powrotdoszkoly.pl","og_description":"Dzi\u0119ki ogromnej wyprzeda\u017cy na powr\u00f3t do szko\u0142y ka\u017cdy zak\u0105tek twojej przestrzeni do nauki lub domowego biura jest gotowy na metamorfoz\u0119!","og_url":"http:\/\/biurka-powrotdoszkoly.pl\/","og_site_name":"biurka-powrotdoszkoly.pl","article_modified_time":"2024-08-29T17:20:24+00:00","twitter_card":"summary_large_image","twitter_misc":{"Szacowany czas czytania":"3 minuty"},"schema":{"@context":"https:\/\/schema.org","@graph":[{"@type":"WebPage","@id":"http:\/\/biurka-powrotdoszkoly.pl\/","url":"http:\/\/biurka-powrotdoszkoly.pl\/","name":"Powr\u00f3t do szko\u0142y - jak stworzy\u0107 idealn\u0105 przestrze\u0144 do nauki - biurka-powrotdoszkoly.pl","isPartOf":{"@id":"http:\/\/biurka-powrotdoszkoly.pl\/#website"},"datePublished":"2024-08-29T17:16:32+00:00","dateModified":"2024-08-29T17:20:24+00:00","description":"Dzi\u0119ki ogromnej wyprzeda\u017cy na powr\u00f3t do szko\u0142y ka\u017cdy zak\u0105tek twojej przestrzeni do nauki lub domowego biura jest gotowy na metamorfoz\u0119!","breadcrumb":{"@id":"http:\/\/biurka-powrotdoszkoly.pl\/#breadcrumb"},"inLanguage":"pl-PL","potentialAction":[{"@type":"ReadAction","target":["http:\/\/biurka-powrotdoszkoly.pl\/"]}]},{"@type":"BreadcrumbList","@id":"http:\/\/biurka-powrotdoszkoly.pl\/#breadcrumb","itemListElement":[{"@type":"ListItem","position":1,"name":"Strona g\u0142\u00f3wna","item":"http:\/\/biurka-powrotdoszkoly.pl\/"},{"@type":"ListItem","position":2,"name":"Powr\u00f3t do szko\u0142y &#8211; jak stworzy\u0107 idealn\u0105 przestrze\u0144 do nauki na nowy rok szkolny"}]},{"@type":"WebSite","@id":"http:\/\/biurka-powrotdoszkoly.pl\/#website","url":"http:\/\/biurka-powrotdoszkoly.pl\/","name":"biurka-powrotdoszkoly.pl","description":"Powr&oacute;t do szko\u0142y - jak stworzy\u0107 idealn\u0105 przestrze\u0144 do nauki na nowy rok szkolny","potentialAction":[{"@type":"SearchAction","target":{"@type":"EntryPoint","urlTemplate":"http:\/\/biurka-powrotdoszkoly.pl\/?s={search_term_string}"},"query-input":{"@type":"PropertyValueSpecification","valueRequired":true,"valueName":"search_term_string"}}],"inLanguage":"pl-PL"}]}},"_links":{"self":[{"href":"https:\/\/biurka-powrotdoszkoly.pl\/index.php\/wp-json\/wp\/v2\/pages\/9"}],"collection":[{"href":"https:\/\/biurka-powrotdoszkoly.pl\/index.php\/wp-json\/wp\/v2\/pages"}],"about":[{"href":"https:\/\/biurka-powrotdoszkoly.pl\/index.php\/wp-json\/wp\/v2\/types\/page"}],"author":[{"embeddable":true,"href":"https:\/\/biurka-powrotdoszkoly.pl\/index.php\/wp-json\/wp\/v2\/users\/1"}],"replies":[{"embeddable":true,"href":"https:\/\/biurka-powrotdoszkoly.pl\/index.php\/wp-json\/wp\/v2\/comments?post=9"}],"version-history":[{"count":2,"href":"https:\/\/biurka-powrotdoszkoly.pl\/index.php\/wp-json\/wp\/v2\/pages\/9\/revisions"}],"predecessor-version":[{"id":35,"href":"https:\/\/biurka-powrotdoszkoly.pl\/index.php\/wp-json\/wp\/v2\/pages\/9\/revisions\/35"}],"wp:attachment":[{"href":"https:\/\/biurka-powrotdoszkoly.pl\/index.php\/wp-json\/wp\/v2\/media?parent=9"}],"curies":[{"name":"wp","href":"https:\/\/api.w.org\/{rel}","templated":true}]}}